{"id":1504,"date":"2025-04-20T00:24:40","date_gmt":"2025-04-20T00:24:40","guid":{"rendered":"http:\/\/fansiteec.com\/?post_type=product&#038;p=1504"},"modified":"2025-09-15T21:00:15","modified_gmt":"2025-09-15T21:00:15","slug":"omniman","status":"publish","type":"product","link":"https:\/\/fansiteec.com\/en\/product\/omniman\/","title":{"rendered":"Omniman (Invincible)"},"content":{"rendered":"<p>Suits made of sublimated lycra fabric, sizes from XS, S, M, L, and XL<br \/>\nSuit includes cape<br \/>\nShipping time is 2 to 3 weeks from your order.<br \/>\nWe offer domestic and international shipping.<br \/>\nOur prices are in dollars<\/p>","protected":false},"excerpt":{"rendered":"<p>Trajes elaborados en licra sublimada, tallas desde la XS, S, M, L, XL. Traje incluye capa Tiempo de entrega desde el pedido 2 a 3 semanas Tenemos env\u00edos en Ecuador y a todo el mundo por currier. Nuestros precios est\u00e1n en d\u00f3lares<\/p>","protected":false},"featured_media":1502,"template":"","meta":{"site-sidebar-layout":"default","site-content-layout":"default","ast-site-content-layout":"default","site-content-style":"default","site-sidebar-style":"default","ast-global-header-display":"","ast-banner-title-visibility":"","ast-main-header-display":"","ast-hfb-above-header-display":"","ast-hfb-below-header-display":"","ast-hfb-mobile-header-display":"","site-post-title":"","ast-breadcrumbs-content":"","ast-featured-img":"","footer-sml-layout":"","ast-disable-related-posts":"","theme-transparent-header-meta":"default","adv-header-id-meta":"","stick-header-meta":"","header-above-stick-meta":"","header-main-stick-meta":"","header-below-stick-meta":"","astra-migrate-meta-layouts":"set","ast-page-background-enabled":"default","ast-page-background-meta":{"desktop":{"background-color":"var(--ast-global-color-4)","background-image":"","background-repeat":"repeat","background-position":"center center","background-size":"auto","background-attachment":"scroll","background-type":"","background-media":"","overlay-type":"","overlay-color":"","overlay-opacity":"","overlay-gradient":""},"tablet":{"background-color":"","background-image":"","background-repeat":"repeat","background-position":"center center","background-size":"auto","background-attachment":"scroll","background-type":"","background-media":"","overlay-type":"","overlay-color":"","overlay-opacity":"","overlay-gradient":""},"mobile":{"background-color":"","background-image":"","background-repeat":"repeat","background-position":"center center","background-size":"auto","background-attachment":"scroll","background-type":"","background-media":"","overlay-type":"","overlay-color":"","overlay-opacity":"","overlay-gradient":""}},"ast-content-background-meta":{"desktop":{"background-color":"var(--ast-global-color-5)","background-image":"","background-repeat":"repeat","background-position":"center center","background-size":"auto","background-attachment":"scroll","background-type":"","background-media":"","overlay-type":"","overlay-color":"","overlay-opacity":"","overlay-gradient":""},"tablet":{"background-color":"var(--ast-global-color-5)","background-image":"","background-repeat":"repeat","background-position":"center center","background-size":"auto","background-attachment":"scroll","background-type":"","background-media":"","overlay-type":"","overlay-color":"","overlay-opacity":"","overlay-gradient":""},"mobile":{"background-color":"var(--ast-global-color-5)","background-image":"","background-repeat":"repeat","background-position":"center center","background-size":"auto","background-attachment":"scroll","background-type":"","background-media":"","overlay-type":"","overlay-color":"","overlay-opacity":"","overlay-gradient":""}}},"product_brand":[],"product_cat":[33],"product_tag":[],"class_list":{"0":"post-1504","1":"product","2":"type-product","3":"status-publish","4":"has-post-thumbnail","6":"product_cat-trajes","7":"desktop-align-left","8":"tablet-align-left","9":"mobile-align-left","11":"first","12":"instock","13":"taxable","14":"shipping-taxable","15":"purchasable","16":"product-type-simple"},"aioseo_notices":[],"_links":{"self":[{"href":"https:\/\/fansiteec.com\/en\/wp-json\/wp\/v2\/product\/1504","targetHints":{"allow":["GET"]}}],"collection":[{"href":"https:\/\/fansiteec.com\/en\/wp-json\/wp\/v2\/product"}],"about":[{"href":"https:\/\/fansiteec.com\/en\/wp-json\/wp\/v2\/types\/product"}],"wp:featuredmedia":[{"embeddable":true,"href":"https:\/\/fansiteec.com\/en\/wp-json\/wp\/v2\/media\/1502"}],"wp:attachment":[{"href":"https:\/\/fansiteec.com\/en\/wp-json\/wp\/v2\/media?parent=1504"}],"wp:term":[{"taxonomy":"product_brand","embeddable":true,"href":"https:\/\/fansiteec.com\/en\/wp-json\/wp\/v2\/product_brand?post=1504"},{"taxonomy":"product_cat","embeddable":true,"href":"https:\/\/fansiteec.com\/en\/wp-json\/wp\/v2\/product_cat?post=1504"},{"taxonomy":"product_tag","embeddable":true,"href":"https:\/\/fansiteec.com\/en\/wp-json\/wp\/v2\/product_tag?post=1504"}],"curies":[{"name":"wp","href":"https:\/\/api.w.org\/{rel}","templated":true}]}}