{"id":1737,"date":"2025-04-12T22:02:09","date_gmt":"2025-04-12T22:02:09","guid":{"rendered":"https:\/\/fansiteec.com\/?post_type=product&#038;p=1737"},"modified":"2025-09-14T23:31:10","modified_gmt":"2025-09-14T23:31:10","slug":"casco-vigilante-nocturno-version-netflix","status":"publish","type":"product","link":"https:\/\/fansiteec.com\/en\/product\/casco-vigilante-nocturno-version-netflix\/","title":{"rendered":"Casco D.D Netflix"},"content":{"rendered":"<p>Entirely made in 3D with magnets for greater comfort.<\/p>\n<p>We offer international shipping.<\/p>\n<p>Delivery time is 2 to 3 weeks via international courier.<\/p>\n<p>Prices are in US dollars.<\/p>\n<p>Please take your head measurement and add it to the notes when placing your order.<\/p>","protected":false},"excerpt":{"rendered":"<p>Elaborado completamente en 3D con imanes para mayor comodidad Tenemos env\u00edos nacionales (Ecuador) e internacionales Tiempo de entega de 2 a 3 semanas por curier internacional Precio en d\u00f3lares Por favor toma la medida de tu cabeza y a\u00f1\u00e1dela a notas cuando vayas a realizar tu pedido<\/p>","protected":false},"featured_media":1725,"template":"","meta":{"site-sidebar-layout":"default","site-content-layout":"","ast-site-content-layout":"default","site-content-style":"default","site-sidebar-style":"default","ast-global-header-display":"","ast-banner-title-visibility":"","ast-main-header-display":"","ast-hfb-above-header-display":"","ast-hfb-below-header-display":"","ast-hfb-mobile-header-display":"","site-post-title":"","ast-breadcrumbs-content":"","ast-featured-img":"","footer-sml-layout":"","ast-disable-related-posts":"","theme-transparent-header-meta":"default","adv-header-id-meta":"","stick-header-meta":"","header-above-stick-meta":"","header-main-stick-meta":"","header-below-stick-meta":"","astra-migrate-meta-layouts":"set","ast-page-background-enabled":"default","ast-page-background-meta":{"desktop":{"background-color":"var(--ast-global-color-4)","background-image":"","background-repeat":"repeat","background-position":"center center","background-size":"auto","background-attachment":"scroll","background-type":"","background-media":"","overlay-type":"","overlay-color":"","overlay-opacity":"","overlay-gradient":""},"tablet":{"background-color":"","background-image":"","background-repeat":"repeat","background-position":"center center","background-size":"auto","background-attachment":"scroll","background-type":"","background-media":"","overlay-type":"","overlay-color":"","overlay-opacity":"","overlay-gradient":""},"mobile":{"background-color":"","background-image":"","background-repeat":"repeat","background-position":"center center","background-size":"auto","background-attachment":"scroll","background-type":"","background-media":"","overlay-type":"","overlay-color":"","overlay-opacity":"","overlay-gradient":""}},"ast-content-background-meta":{"desktop":{"background-color":"var(--ast-global-color-5)","background-image":"","background-repeat":"repeat","background-position":"center center","background-size":"auto","background-attachment":"scroll","background-type":"","background-media":"","overlay-type":"","overlay-color":"","overlay-opacity":"","overlay-gradient":""},"tablet":{"background-color":"var(--ast-global-color-5)","background-image":"","background-repeat":"repeat","background-position":"center center","background-size":"auto","background-attachment":"scroll","background-type":"","background-media":"","overlay-type":"","overlay-color":"","overlay-opacity":"","overlay-gradient":""},"mobile":{"background-color":"var(--ast-global-color-5)","background-image":"","background-repeat":"repeat","background-position":"center center","background-size":"auto","background-attachment":"scroll","background-type":"","background-media":"","overlay-type":"","overlay-color":"","overlay-opacity":"","overlay-gradient":""}}},"product_brand":[],"product_cat":[74],"product_tag":[],"class_list":{"0":"post-1737","1":"product","2":"type-product","3":"status-publish","4":"has-post-thumbnail","6":"product_cat-cascos","7":"desktop-align-left","8":"tablet-align-left","9":"mobile-align-left","11":"first","12":"instock","13":"taxable","14":"shipping-taxable","15":"purchasable","16":"product-type-simple"},"aioseo_notices":[],"_links":{"self":[{"href":"https:\/\/fansiteec.com\/en\/wp-json\/wp\/v2\/product\/1737","targetHints":{"allow":["GET"]}}],"collection":[{"href":"https:\/\/fansiteec.com\/en\/wp-json\/wp\/v2\/product"}],"about":[{"href":"https:\/\/fansiteec.com\/en\/wp-json\/wp\/v2\/types\/product"}],"wp:featuredmedia":[{"embeddable":true,"href":"https:\/\/fansiteec.com\/en\/wp-json\/wp\/v2\/media\/1725"}],"wp:attachment":[{"href":"https:\/\/fansiteec.com\/en\/wp-json\/wp\/v2\/media?parent=1737"}],"wp:term":[{"taxonomy":"product_brand","embeddable":true,"href":"https:\/\/fansiteec.com\/en\/wp-json\/wp\/v2\/product_brand?post=1737"},{"taxonomy":"product_cat","embeddable":true,"href":"https:\/\/fansiteec.com\/en\/wp-json\/wp\/v2\/product_cat?post=1737"},{"taxonomy":"product_tag","embeddable":true,"href":"https:\/\/fansiteec.com\/en\/wp-json\/wp\/v2\/product_tag?post=1737"}],"curies":[{"name":"wp","href":"https:\/\/api.w.org\/{rel}","templated":true}]}}