{"id":980,"date":"2023-06-15T03:33:47","date_gmt":"2023-06-15T03:33:47","guid":{"rendered":"http:\/\/fansiteec.com\/?post_type=product&#038;p=980"},"modified":"2025-05-07T17:21:59","modified_gmt":"2025-05-07T17:21:59","slug":"faceshell-last-stand","status":"publish","type":"product","link":"https:\/\/fansiteec.com\/en\/product\/faceshell-last-stand\/","title":{"rendered":"Last stand Faceshell"},"content":{"rendered":"<p>Entirely made in 3D with magnets for greater comfort.<\/p>\n<p>We have several sizes of faceshell.<\/p>\n<p>Production time 10 \u2013 15 business days.<\/p>\n<p>Magnetic lenses.<\/p>\n<p>Includes cloth mask.<\/p>\n<p>Delivery time is 2 to 3 weeks via international courier. Prices are in US dollars.\nPlease take your head measurement and add it to the notes when placing your order.<\/p>","protected":false},"excerpt":{"rendered":"<p>Faceshell elaborado en impresi\u00f3n 3d (pl\u00e1stico), cubierto con su m\u00e1scara de tela y un cierre invisible posterior para mayor comodidad. Contamos con varios tama\u00f1os de faceshell. Tiempo de elaboraci\u00f3n 10 &#8211; 15 d\u00edas laborales. Lentes imantados. Incuye m\u00e1scara de tela. Entregamos a todo el mundo.<\/p>","protected":false},"featured_media":847,"template":"","meta":{"site-sidebar-layout":"default","site-content-layout":"default","ast-site-content-layout":"default","site-content-style":"default","site-sidebar-style":"default","ast-global-header-display":"","ast-banner-title-visibility":"","ast-main-header-display":"","ast-hfb-above-header-display":"","ast-hfb-below-header-display":"","ast-hfb-mobile-header-display":"","site-post-title":"","ast-breadcrumbs-content":"","ast-featured-img":"","footer-sml-layout":"","ast-disable-related-posts":"","theme-transparent-header-meta":"default","adv-header-id-meta":"","stick-header-meta":"","header-above-stick-meta":"","header-main-stick-meta":"","header-below-stick-meta":"","astra-migrate-meta-layouts":"set","ast-page-background-enabled":"default","ast-page-background-meta":{"desktop":{"background-color":"var(--ast-global-color-4)","background-image":"","background-repeat":"repeat","background-position":"center center","background-size":"auto","background-attachment":"scroll","background-type":"","background-media":"","overlay-type":"","overlay-color":"","overlay-opacity":"","overlay-gradient":""},"tablet":{"background-color":"","background-image":"","background-repeat":"repeat","background-position":"center center","background-size":"auto","background-attachment":"scroll","background-type":"","background-media":"","overlay-type":"","overlay-color":"","overlay-opacity":"","overlay-gradient":""},"mobile":{"background-color":"","background-image":"","background-repeat":"repeat","background-position":"center center","background-size":"auto","background-attachment":"scroll","background-type":"","background-media":"","overlay-type":"","overlay-color":"","overlay-opacity":"","overlay-gradient":""}},"ast-content-background-meta":{"desktop":{"background-color":"var(--ast-global-color-5)","background-image":"","background-repeat":"repeat","background-position":"center center","background-size":"auto","background-attachment":"scroll","background-type":"","background-media":"","overlay-type":"","overlay-color":"","overlay-opacity":"","overlay-gradient":""},"tablet":{"background-color":"var(--ast-global-color-5)","background-image":"","background-repeat":"repeat","background-position":"center center","background-size":"auto","background-attachment":"scroll","background-type":"","background-media":"","overlay-type":"","overlay-color":"","overlay-opacity":"","overlay-gradient":""},"mobile":{"background-color":"var(--ast-global-color-5)","background-image":"","background-repeat":"repeat","background-position":"center center","background-size":"auto","background-attachment":"scroll","background-type":"","background-media":"","overlay-type":"","overlay-color":"","overlay-opacity":"","overlay-gradient":""}}},"product_brand":[],"product_cat":[34],"product_tag":[],"class_list":{"0":"post-980","1":"product","2":"type-product","3":"status-publish","4":"has-post-thumbnail","6":"product_cat-faceshells","7":"desktop-align-left","8":"tablet-align-left","9":"mobile-align-left","11":"first","12":"instock","13":"taxable","14":"shipping-taxable","15":"purchasable","16":"product-type-simple"},"aioseo_notices":[],"_links":{"self":[{"href":"https:\/\/fansiteec.com\/en\/wp-json\/wp\/v2\/product\/980","targetHints":{"allow":["GET"]}}],"collection":[{"href":"https:\/\/fansiteec.com\/en\/wp-json\/wp\/v2\/product"}],"about":[{"href":"https:\/\/fansiteec.com\/en\/wp-json\/wp\/v2\/types\/product"}],"wp:featuredmedia":[{"embeddable":true,"href":"https:\/\/fansiteec.com\/en\/wp-json\/wp\/v2\/media\/847"}],"wp:attachment":[{"href":"https:\/\/fansiteec.com\/en\/wp-json\/wp\/v2\/media?parent=980"}],"wp:term":[{"taxonomy":"product_brand","embeddable":true,"href":"https:\/\/fansiteec.com\/en\/wp-json\/wp\/v2\/product_brand?post=980"},{"taxonomy":"product_cat","embeddable":true,"href":"https:\/\/fansiteec.com\/en\/wp-json\/wp\/v2\/product_cat?post=980"},{"taxonomy":"product_tag","embeddable":true,"href":"https:\/\/fansiteec.com\/en\/wp-json\/wp\/v2\/product_tag?post=980"}],"curies":[{"name":"wp","href":"https:\/\/api.w.org\/{rel}","templated":true}]}}